{"id":1147,"date":"2019-01-07T12:41:25","date_gmt":"2019-01-07T12:41:25","guid":{"rendered":"http:\/\/localhost\/Exhibz\/?page_id=1147"},"modified":"2026-05-15T09:19:25","modified_gmt":"2026-05-15T09:19:25","slug":"koncerti","status":"publish","type":"page","link":"https:\/\/guitarweek.ba\/eng\/koncerti\/","title":{"rendered":"Concerts"},"content":{"rendered":"\t\t<div data-elementor-type=\"wp-post\" data-elementor-id=\"1147\" class=\"elementor elementor-1147\">\n\t\t\t\t\t\t<section class=\"elementor-section elementor-top-section elementor-element elementor-element-3809e6a elementor-section-boxed elementor-section-height-default elementor-section-height-default\" data-id=\"3809e6a\" data-element_type=\"section\" data-settings=\"{&quot;background_background&quot;:&quot;classic&quot;}\">\n\t\t\t\t\t\t<div class=\"elementor-container elementor-column-gap-default\">\n\t\t\t\t\t<div class=\"elementor-column elementor-col-33 elementor-top-column elementor-element elementor-element-0ce058f elementor-invisible\" data-id=\"0ce058f\" data-element_type=\"column\" data-settings=\"{&quot;animation&quot;:&quot;fadeInLeft&quot;,&quot;animation_delay&quot;:350}\">\n\t\t\t<div class=\"elementor-widget-wrap elementor-element-populated\">\n\t\t\t\t\t\t<div class=\"elementor-element elementor-element-fcfdf99 elementor-widget elementor-widget-exhibz-feature\" data-id=\"fcfdf99\" data-element_type=\"widget\" data-settings=\"{&quot;ekit_we_effect_on&quot;:&quot;none&quot;}\" data-widget_type=\"exhibz-feature.default\">\n\t\t\t\t<div class=\"elementor-widget-container\">\n\t\t\t\t\t\n\t\t            <div class=\"single-intro-text mb-70\">\n\t\t\t\t<i aria-hidden=\"true\" class=\"fas fa-home\"><\/i>                <h3 class=\"ts-title\">July 13, 2026 | 20:00<\/h3>\n                <p>\n\t\t\t\t\t<h5>Opening and welcome concert<\/h5><\/br><strong>Sanel Red\u017ei\u0107 | Adam Marec<\/br><\/strong>Atelje Ismet Mujezinovi\u0107                <\/p>\n                <span class=\"count-number\">1<\/span>\n            <\/div><!-- single intro text end-->\n\t\t\n\t\t\n\t\t\n\t\t\n\t\t\n\n\t\t\t\t\t\t<\/div>\n\t\t\t\t<\/div>\n\t\t\t\t\t<\/div>\n\t\t<\/div>\n\t\t\t\t<div class=\"elementor-column elementor-col-33 elementor-top-column elementor-element elementor-element-ee4fdc3 elementor-invisible\" data-id=\"ee4fdc3\" data-element_type=\"column\" data-settings=\"{&quot;animation&quot;:&quot;fadeInLeft&quot;,&quot;animation_delay&quot;:350}\">\n\t\t\t<div class=\"elementor-widget-wrap elementor-element-populated\">\n\t\t\t\t\t\t<div class=\"elementor-element elementor-element-1e3d7c1 elementor-widget elementor-widget-exhibz-feature\" data-id=\"1e3d7c1\" data-element_type=\"widget\" data-settings=\"{&quot;ekit_we_effect_on&quot;:&quot;none&quot;}\" data-widget_type=\"exhibz-feature.default\">\n\t\t\t\t<div class=\"elementor-widget-container\">\n\t\t\t\t\t\n\t\t            <div class=\"single-intro-text mb-70\">\n\t\t\t\t<i aria-hidden=\"true\" class=\"fas fa-home\"><\/i>                <h3 class=\"ts-title\">July 14, 2026 | 20:00<\/h3>\n                <p>\n\t\t\t\t\t<h5>Concert<\/h5><\/br><strong>Guitar students of the Academy of Arts and Culture in Osijek<\/br><\/strong>Atelje Ismet Mujezinovi\u0107                <\/p>\n                <span class=\"count-number\">2<\/span>\n            <\/div><!-- single intro text end-->\n\t\t\n\t\t\n\t\t\n\t\t\n\t\t\n\n\t\t\t\t\t\t<\/div>\n\t\t\t\t<\/div>\n\t\t\t\t\t<\/div>\n\t\t<\/div>\n\t\t\t\t<div class=\"elementor-column elementor-col-33 elementor-top-column elementor-element elementor-element-8a8d24f elementor-invisible\" data-id=\"8a8d24f\" data-element_type=\"column\" data-settings=\"{&quot;animation&quot;:&quot;fadeInRight&quot;,&quot;animation_delay&quot;:400}\">\n\t\t\t<div class=\"elementor-widget-wrap elementor-element-populated\">\n\t\t\t\t\t\t<section class=\"elementor-section elementor-inner-section elementor-element elementor-element-4579ffa elementor-section-boxed elementor-section-height-default elementor-section-height-default\" data-id=\"4579ffa\" data-element_type=\"section\">\n\t\t\t\t\t\t<div class=\"elementor-container elementor-column-gap-default\">\n\t\t\t\t\t<div class=\"elementor-column elementor-col-100 elementor-inner-column elementor-element elementor-element-2b44bdc\" data-id=\"2b44bdc\" data-element_type=\"column\" data-settings=\"{&quot;background_background&quot;:&quot;classic&quot;}\">\n\t\t\t<div class=\"elementor-widget-wrap elementor-element-populated\">\n\t\t\t\t\t\t<div class=\"elementor-element elementor-element-fe04112 elementor-widget elementor-widget-exhibz-feature\" data-id=\"fe04112\" data-element_type=\"widget\" data-settings=\"{&quot;ekit_we_effect_on&quot;:&quot;none&quot;}\" data-widget_type=\"exhibz-feature.default\">\n\t\t\t\t<div class=\"elementor-widget-container\">\n\t\t\t\t\t\n\t\t            <div class=\"single-intro-text mb-70\">\n\t\t\t\t<i aria-hidden=\"true\" class=\"fas fa-home\"><\/i>                <h3 class=\"ts-title\">July 15, 2026 | 20:00<\/h3>\n                <p>\n\t\t\t\t\t<h5>Concert<\/h5><\/br><strong>Elvis Siv\u010devi\u0107 | Darko Karaji\u0107 <\/br><\/strong>Atelje Ismet Mujezinovi\u0107                <\/p>\n                <span class=\"count-number\">3<\/span>\n            <\/div><!-- single intro text end-->\n\t\t\n\t\t\n\t\t\n\t\t\n\t\t\n\n\t\t\t\t\t\t<\/div>\n\t\t\t\t<\/div>\n\t\t\t\t\t<\/div>\n\t\t<\/div>\n\t\t\t\t\t<\/div>\n\t\t<\/section>\n\t\t\t\t\t<\/div>\n\t\t<\/div>\n\t\t\t\t\t<\/div>\n\t\t<\/section>\n\t\t\t\t<section class=\"elementor-section elementor-top-section elementor-element elementor-element-3fc5418 elementor-section-boxed elementor-section-height-default elementor-section-height-default\" data-id=\"3fc5418\" data-element_type=\"section\" data-settings=\"{&quot;background_background&quot;:&quot;classic&quot;}\">\n\t\t\t\t\t\t<div class=\"elementor-container elementor-column-gap-default\">\n\t\t\t\t\t<div class=\"elementor-column elementor-col-33 elementor-top-column elementor-element elementor-element-19684cf elementor-invisible\" data-id=\"19684cf\" data-element_type=\"column\" data-settings=\"{&quot;animation&quot;:&quot;fadeInLeft&quot;,&quot;animation_delay&quot;:350}\">\n\t\t\t<div class=\"elementor-widget-wrap elementor-element-populated\">\n\t\t\t\t\t\t<div class=\"elementor-element elementor-element-f159746 elementor-widget elementor-widget-exhibz-feature\" data-id=\"f159746\" data-element_type=\"widget\" data-settings=\"{&quot;ekit_we_effect_on&quot;:&quot;none&quot;}\" data-widget_type=\"exhibz-feature.default\">\n\t\t\t\t<div class=\"elementor-widget-container\">\n\t\t\t\t\t\n\t\t            <div class=\"single-intro-text mb-70\">\n\t\t\t\t<i aria-hidden=\"true\" class=\"fas fa-home\"><\/i>                <h3 class=\"ts-title\">July 17, 2026 | 19:00<\/h3>\n                <p>\n\t\t\t\t\t<h5>Final Concert<\/h5><\/br><strong>Participants\u2019 Concert<\/br><\/strong>Atelje Ismet Mujezinovi\u0107                <\/p>\n                <span class=\"count-number\">4<\/span>\n            <\/div><!-- single intro text end-->\n\t\t\n\t\t\n\t\t\n\t\t\n\t\t\n\n\t\t\t\t\t\t<\/div>\n\t\t\t\t<\/div>\n\t\t\t\t\t<\/div>\n\t\t<\/div>\n\t\t\t\t<div class=\"elementor-column elementor-col-33 elementor-top-column elementor-element elementor-element-1fc293a elementor-invisible\" data-id=\"1fc293a\" data-element_type=\"column\" data-settings=\"{&quot;animation&quot;:&quot;fadeInLeft&quot;,&quot;animation_delay&quot;:350}\">\n\t\t\t<div class=\"elementor-widget-wrap elementor-element-populated\">\n\t\t\t\t\t\t<div class=\"elementor-element elementor-element-552f3ea elementor-widget elementor-widget-exhibz-feature\" data-id=\"552f3ea\" data-element_type=\"widget\" data-settings=\"{&quot;ekit_we_effect_on&quot;:&quot;none&quot;}\" data-widget_type=\"exhibz-feature.default\">\n\t\t\t\t<div class=\"elementor-widget-container\">\n\t\t\t\t\t\n\t\t            <div class=\"single-intro-text mb-70\">\n\t\t\t\t<i aria-hidden=\"true\" class=\"fas fa-home\"><\/i>                <h3 class=\"ts-title\">July 16, 2026 | 17:00 | <\/h3>\n                <p>\n\t\t\t\t\t<h5>WORKSHOP<\/h5><\/br><strong>Dietmar Heubner - Guitar Making and Maintenance<\/br><\/strong>Atelje Ismet Mujezinovi\u0107                <\/p>\n                <span class=\"count-number\">5<\/span>\n            <\/div><!-- single intro text end-->\n\t\t\n\t\t\n\t\t\n\t\t\n\t\t\n\n\t\t\t\t\t\t<\/div>\n\t\t\t\t<\/div>\n\t\t\t\t\t<\/div>\n\t\t<\/div>\n\t\t\t\t<div class=\"elementor-column elementor-col-33 elementor-top-column elementor-element elementor-element-fe5f969 elementor-invisible\" data-id=\"fe5f969\" data-element_type=\"column\" data-settings=\"{&quot;animation&quot;:&quot;fadeInRight&quot;,&quot;animation_delay&quot;:400}\">\n\t\t\t<div class=\"elementor-widget-wrap\">\n\t\t\t\t\t\t\t<\/div>\n\t\t<\/div>\n\t\t\t\t\t<\/div>\n\t\t<\/section>\n\t\t\t\t<\/div>\n\t\t","protected":false},"excerpt":{"rendered":"<p>July 13, 2026 | 20:00 Opening and welcome concert Sanel Red\u017ei\u0107 | Adam MarecAtelje Ismet Mujezinovi\u0107 1 July 14, 2026 | 20:00 Concert Guitar students of the Academy of Arts and Culture in OsijekAtelje Ismet Mujezinovi\u0107 2 July 15, 2026 | 20:00 Concert Elvis Siv\u010devi\u0107 | Darko Karaji\u0107 Atelje Ismet Mujezinovi\u0107 3 July 17, 2026 [&hellip;]<\/p>\n","protected":false},"author":1,"featured_media":0,"parent":0,"menu_order":0,"comment_status":"closed","ping_status":"closed","template":"template\/full-width-template.php","meta":{"footnotes":""},"class_list":["post-1147","page","type-page","status-publish","hentry"],"yoast_head":"<!-- This site is optimized with the Yoast SEO plugin v24.8.1 - https:\/\/yoast.com\/wordpress\/plugins\/seo\/ -->\n<title>Concerts - Tuzla Guitar Week<\/title>\n<meta name=\"robots\" content=\"index, follow, max-snippet:-1, max-image-preview:large, max-video-preview:-1\" \/>\n<link rel=\"canonical\" href=\"https:\/\/guitarweek.ba\/eng\/koncerti\/\" \/>\n<meta property=\"og:locale\" content=\"en_US\" \/>\n<meta property=\"og:type\" content=\"article\" \/>\n<meta property=\"og:title\" content=\"Concerts - Tuzla Guitar Week\" \/>\n<meta property=\"og:description\" content=\"July 13, 2026 | 20:00 Opening and welcome concert Sanel Red\u017ei\u0107 | Adam MarecAtelje Ismet Mujezinovi\u0107 1 July 14, 2026 | 20:00 Concert Guitar students of the Academy of Arts and Culture in OsijekAtelje Ismet Mujezinovi\u0107 2 July 15, 2026 | 20:00 Concert Elvis Siv\u010devi\u0107 | Darko Karaji\u0107 Atelje Ismet Mujezinovi\u0107 3 July 17, 2026 [&hellip;]\" \/>\n<meta property=\"og:url\" content=\"https:\/\/guitarweek.ba\/eng\/koncerti\/\" \/>\n<meta property=\"og:site_name\" content=\"Tuzla Guitar Week\" \/>\n<meta property=\"article:modified_time\" content=\"2026-05-15T09:19:25+00:00\" \/>\n<meta property=\"og:image\" content=\"https:\/\/guitarweek.ba\/eng\/wp-content\/uploads\/2025\/04\/music_003-ConvertedS.jpg\" \/>\n\t<meta property=\"og:image:width\" content=\"2048\" \/>\n\t<meta property=\"og:image:height\" content=\"1152\" \/>\n\t<meta property=\"og:image:type\" content=\"image\/jpeg\" \/>\n<meta name=\"twitter:card\" content=\"summary_large_image\" \/>\n<meta name=\"twitter:label1\" content=\"Est. reading time\" \/>\n\t<meta name=\"twitter:data1\" content=\"1 minute\" \/>\n<script type=\"application\/ld+json\" class=\"yoast-schema-graph\">{\"@context\":\"https:\/\/schema.org\",\"@graph\":[{\"@type\":\"WebPage\",\"@id\":\"https:\/\/guitarweek.ba\/eng\/koncerti\/\",\"url\":\"https:\/\/guitarweek.ba\/eng\/koncerti\/\",\"name\":\"Concerts - Tuzla Guitar Week\",\"isPartOf\":{\"@id\":\"https:\/\/guitarweek.ba\/eng\/#website\"},\"datePublished\":\"2019-01-07T12:41:25+00:00\",\"dateModified\":\"2026-05-15T09:19:25+00:00\",\"breadcrumb\":{\"@id\":\"https:\/\/guitarweek.ba\/eng\/koncerti\/#breadcrumb\"},\"inLanguage\":\"en-US\",\"potentialAction\":[{\"@type\":\"ReadAction\",\"target\":[\"https:\/\/guitarweek.ba\/eng\/koncerti\/\"]}]},{\"@type\":\"BreadcrumbList\",\"@id\":\"https:\/\/guitarweek.ba\/eng\/koncerti\/#breadcrumb\",\"itemListElement\":[{\"@type\":\"ListItem\",\"position\":1,\"name\":\"Home\",\"item\":\"https:\/\/guitarweek.ba\/eng\/\"},{\"@type\":\"ListItem\",\"position\":2,\"name\":\"Concerts\"}]},{\"@type\":\"WebSite\",\"@id\":\"https:\/\/guitarweek.ba\/eng\/#website\",\"url\":\"https:\/\/guitarweek.ba\/eng\/\",\"name\":\"Tuzla Guitar Week\",\"description\":\"\",\"potentialAction\":[{\"@type\":\"SearchAction\",\"target\":{\"@type\":\"EntryPoint\",\"urlTemplate\":\"https:\/\/guitarweek.ba\/eng\/?s={search_term_string}\"},\"query-input\":{\"@type\":\"PropertyValueSpecification\",\"valueRequired\":true,\"valueName\":\"search_term_string\"}}],\"inLanguage\":\"en-US\"}]}<\/script>\n<!-- \/ Yoast SEO plugin. -->","yoast_head_json":{"title":"Concerts - Tuzla Guitar Week","robots":{"index":"index","follow":"follow","max-snippet":"max-snippet:-1","max-image-preview":"max-image-preview:large","max-video-preview":"max-video-preview:-1"},"canonical":"https:\/\/guitarweek.ba\/eng\/koncerti\/","og_locale":"en_US","og_type":"article","og_title":"Concerts - Tuzla Guitar Week","og_description":"July 13, 2026 | 20:00 Opening and welcome concert Sanel Red\u017ei\u0107 | Adam MarecAtelje Ismet Mujezinovi\u0107 1 July 14, 2026 | 20:00 Concert Guitar students of the Academy of Arts and Culture in OsijekAtelje Ismet Mujezinovi\u0107 2 July 15, 2026 | 20:00 Concert Elvis Siv\u010devi\u0107 | Darko Karaji\u0107 Atelje Ismet Mujezinovi\u0107 3 July 17, 2026 [&hellip;]","og_url":"https:\/\/guitarweek.ba\/eng\/koncerti\/","og_site_name":"Tuzla Guitar Week","article_modified_time":"2026-05-15T09:19:25+00:00","og_image":[{"width":2048,"height":1152,"url":"https:\/\/guitarweek.ba\/eng\/wp-content\/uploads\/2025\/04\/music_003-ConvertedS.jpg","type":"image\/jpeg"}],"twitter_card":"summary_large_image","twitter_misc":{"Est. reading time":"1 minute"},"schema":{"@context":"https:\/\/schema.org","@graph":[{"@type":"WebPage","@id":"https:\/\/guitarweek.ba\/eng\/koncerti\/","url":"https:\/\/guitarweek.ba\/eng\/koncerti\/","name":"Concerts - Tuzla Guitar Week","isPartOf":{"@id":"https:\/\/guitarweek.ba\/eng\/#website"},"datePublished":"2019-01-07T12:41:25+00:00","dateModified":"2026-05-15T09:19:25+00:00","breadcrumb":{"@id":"https:\/\/guitarweek.ba\/eng\/koncerti\/#breadcrumb"},"inLanguage":"en-US","potentialAction":[{"@type":"ReadAction","target":["https:\/\/guitarweek.ba\/eng\/koncerti\/"]}]},{"@type":"BreadcrumbList","@id":"https:\/\/guitarweek.ba\/eng\/koncerti\/#breadcrumb","itemListElement":[{"@type":"ListItem","position":1,"name":"Home","item":"https:\/\/guitarweek.ba\/eng\/"},{"@type":"ListItem","position":2,"name":"Concerts"}]},{"@type":"WebSite","@id":"https:\/\/guitarweek.ba\/eng\/#website","url":"https:\/\/guitarweek.ba\/eng\/","name":"Tuzla Guitar Week","description":"","potentialAction":[{"@type":"SearchAction","target":{"@type":"EntryPoint","urlTemplate":"https:\/\/guitarweek.ba\/eng\/?s={search_term_string}"},"query-input":{"@type":"PropertyValueSpecification","valueRequired":true,"valueName":"search_term_string"}}],"inLanguage":"en-US"}]}},"_links":{"self":[{"href":"https:\/\/guitarweek.ba\/eng\/wp-json\/wp\/v2\/pages\/1147","targetHints":{"allow":["GET"]}}],"collection":[{"href":"https:\/\/guitarweek.ba\/eng\/wp-json\/wp\/v2\/pages"}],"about":[{"href":"https:\/\/guitarweek.ba\/eng\/wp-json\/wp\/v2\/types\/page"}],"author":[{"embeddable":true,"href":"https:\/\/guitarweek.ba\/eng\/wp-json\/wp\/v2\/users\/1"}],"replies":[{"embeddable":true,"href":"https:\/\/guitarweek.ba\/eng\/wp-json\/wp\/v2\/comments?post=1147"}],"version-history":[{"count":26,"href":"https:\/\/guitarweek.ba\/eng\/wp-json\/wp\/v2\/pages\/1147\/revisions"}],"predecessor-version":[{"id":3101,"href":"https:\/\/guitarweek.ba\/eng\/wp-json\/wp\/v2\/pages\/1147\/revisions\/3101"}],"wp:attachment":[{"href":"https:\/\/guitarweek.ba\/eng\/wp-json\/wp\/v2\/media?parent=1147"}],"curies":[{"name":"wp","href":"https:\/\/api.w.org\/{rel}","templated":true}]}}